{"id":174,"date":"2024-03-14T13:30:34","date_gmt":"2024-03-14T13:30:34","guid":{"rendered":"https:\/\/grupoinovar.cnt.br\/certificado-digital\/?post_type=product&#038;p=174"},"modified":"2024-03-21T16:26:50","modified_gmt":"2024-03-21T16:26:50","slug":"e-cnpj-a3-com-token","status":"publish","type":"product","link":"https:\/\/grupoinovar.cnt.br\/servicos-online\/produto\/e-cnpj-a3-com-token\/","title":{"rendered":"e-CNPJ A3 &#8211; Com Token"},"content":{"rendered":"<p>O certificado digital e-CNPJ A3 em token \u00e9 uma solu\u00e7\u00e3o para identificar uma empresa atrav\u00e9s de seu representante legal perante a Receita Federal. Ele pode ser utilizado em qualquer m\u00e1quina, basta inserir o token na entrada USB. Assine documentos, realize declara\u00e7\u00f5es, acesse o portal e-CAC e muito mais.<\/p>\n","protected":false},"excerpt":{"rendered":"<p>O certificado digital e-CNPJ A3 em token \u00e9 uma solu\u00e7\u00e3o para identificar uma empresa atrav\u00e9s de seu representante legal perante a Receita Federal. Ele pode ser utilizado em qualquer m\u00e1quina, basta inserir o token na entrada USB. Assine documentos, realize declara\u00e7\u00f5es, acesse o portal e-CAC e muito mais.<\/p>\n","protected":false},"featured_media":168,"template":"","meta":[],"product_cat":[35,20],"product_tag":[21],"class_list":{"0":"post-174","1":"product","2":"type-product","3":"status-publish","4":"has-post-thumbnail","6":"product_cat-certificado-digital","7":"product_cat-pessoa-juridica","8":"product_tag-ecnpj","10":"first","11":"instock","12":"virtual","13":"purchasable","14":"product-type-simple"},"yoast_head":"<!-- This site is optimized with the Yoast SEO plugin v22.2 - https:\/\/yoast.com\/wordpress\/plugins\/seo\/ -->\n<title>e-CNPJ A3 - Com Token - Grupo Inovar<\/title>\n<meta name=\"robots\" content=\"index, follow, max-snippet:-1, max-image-preview:large, max-video-preview:-1\" \/>\n<link rel=\"canonical\" href=\"https:\/\/grupoinovar.cnt.br\/servicos-online\/produto\/e-cnpj-a3-com-token\/\" \/>\n<meta property=\"og:locale\" content=\"pt_BR\" \/>\n<meta property=\"og:type\" content=\"article\" \/>\n<meta property=\"og:title\" content=\"e-CNPJ A3 - Com Token - Grupo Inovar\" \/>\n<meta property=\"og:description\" content=\"O certificado digital e-CNPJ A3 em token \u00e9 uma solu\u00e7\u00e3o para identificar uma empresa atrav\u00e9s de seu representante legal perante a Receita Federal. Ele pode ser utilizado em qualquer m\u00e1quina, basta inserir o token na entrada USB. Assine documentos, realize declara\u00e7\u00f5es, acesse o portal e-CAC e muito mais.\" \/>\n<meta property=\"og:url\" content=\"https:\/\/grupoinovar.cnt.br\/servicos-online\/produto\/e-cnpj-a3-com-token\/\" \/>\n<meta property=\"og:site_name\" content=\"Grupo Inovar\" \/>\n<meta property=\"article:modified_time\" content=\"2024-03-21T16:26:50+00:00\" \/>\n<meta property=\"og:image\" content=\"https:\/\/grupoinovar.cnt.br\/servicos-online\/wp-content\/uploads\/2024\/03\/ECNPJ-A3-COM-TOKEN.jpg\" \/>\n\t<meta property=\"og:image:width\" content=\"1024\" \/>\n\t<meta property=\"og:image:height\" content=\"1024\" \/>\n\t<meta property=\"og:image:type\" content=\"image\/jpeg\" \/>\n<meta name=\"twitter:card\" content=\"summary_large_image\" \/>\n<meta name=\"twitter:label1\" content=\"Est. tempo de leitura\" \/>\n\t<meta name=\"twitter:data1\" content=\"1 minuto\" \/>\n<script type=\"application\/ld+json\" class=\"yoast-schema-graph\">{\"@context\":\"https:\/\/schema.org\",\"@graph\":[{\"@type\":\"WebPage\",\"@id\":\"https:\/\/grupoinovar.cnt.br\/servicos-online\/produto\/e-cnpj-a3-com-token\/\",\"url\":\"https:\/\/grupoinovar.cnt.br\/servicos-online\/produto\/e-cnpj-a3-com-token\/\",\"name\":\"e-CNPJ A3 - Com Token - Grupo Inovar\",\"isPartOf\":{\"@id\":\"https:\/\/grupoinovar.cnt.br\/servicos-online\/#website\"},\"primaryImageOfPage\":{\"@id\":\"https:\/\/grupoinovar.cnt.br\/servicos-online\/produto\/e-cnpj-a3-com-token\/#primaryimage\"},\"image\":{\"@id\":\"https:\/\/grupoinovar.cnt.br\/servicos-online\/produto\/e-cnpj-a3-com-token\/#primaryimage\"},\"thumbnailUrl\":\"https:\/\/grupoinovar.cnt.br\/servicos-online\/wp-content\/uploads\/2024\/03\/ECNPJ-A3-COM-TOKEN.jpg\",\"datePublished\":\"2024-03-14T13:30:34+00:00\",\"dateModified\":\"2024-03-21T16:26:50+00:00\",\"breadcrumb\":{\"@id\":\"https:\/\/grupoinovar.cnt.br\/servicos-online\/produto\/e-cnpj-a3-com-token\/#breadcrumb\"},\"inLanguage\":\"pt-BR\",\"potentialAction\":[{\"@type\":\"ReadAction\",\"target\":[\"https:\/\/grupoinovar.cnt.br\/servicos-online\/produto\/e-cnpj-a3-com-token\/\"]}]},{\"@type\":\"ImageObject\",\"inLanguage\":\"pt-BR\",\"@id\":\"https:\/\/grupoinovar.cnt.br\/servicos-online\/produto\/e-cnpj-a3-com-token\/#primaryimage\",\"url\":\"https:\/\/grupoinovar.cnt.br\/servicos-online\/wp-content\/uploads\/2024\/03\/ECNPJ-A3-COM-TOKEN.jpg\",\"contentUrl\":\"https:\/\/grupoinovar.cnt.br\/servicos-online\/wp-content\/uploads\/2024\/03\/ECNPJ-A3-COM-TOKEN.jpg\",\"width\":1024,\"height\":1024},{\"@type\":\"BreadcrumbList\",\"@id\":\"https:\/\/grupoinovar.cnt.br\/servicos-online\/produto\/e-cnpj-a3-com-token\/#breadcrumb\",\"itemListElement\":[{\"@type\":\"ListItem\",\"position\":1,\"name\":\"In\u00edcio\",\"item\":\"https:\/\/grupoinovar.cnt.br\/servicos-online\/\"},{\"@type\":\"ListItem\",\"position\":2,\"name\":\"Servi\u00e7os Online\",\"item\":\"https:\/\/grupoinovar.cnt.br\/servicos-online\/\"},{\"@type\":\"ListItem\",\"position\":3,\"name\":\"e-CNPJ A3 &#8211; Com Token\"}]},{\"@type\":\"WebSite\",\"@id\":\"https:\/\/grupoinovar.cnt.br\/servicos-online\/#website\",\"url\":\"https:\/\/grupoinovar.cnt.br\/servicos-online\/\",\"name\":\"Grupo Inovar\",\"description\":\"\",\"publisher\":{\"@id\":\"https:\/\/grupoinovar.cnt.br\/servicos-online\/#organization\"},\"potentialAction\":[{\"@type\":\"SearchAction\",\"target\":{\"@type\":\"EntryPoint\",\"urlTemplate\":\"https:\/\/grupoinovar.cnt.br\/servicos-online\/?s={search_term_string}\"},\"query-input\":\"required name=search_term_string\"}],\"inLanguage\":\"pt-BR\"},{\"@type\":\"Organization\",\"@id\":\"https:\/\/grupoinovar.cnt.br\/servicos-online\/#organization\",\"name\":\"Grupo Inovar\",\"url\":\"https:\/\/grupoinovar.cnt.br\/servicos-online\/\",\"logo\":{\"@type\":\"ImageObject\",\"inLanguage\":\"pt-BR\",\"@id\":\"https:\/\/grupoinovar.cnt.br\/servicos-online\/#\/schema\/logo\/image\/\",\"url\":\"https:\/\/grupoinovar.cnt.br\/servicos-online\/wp-content\/uploads\/2024\/03\/logo.png\",\"contentUrl\":\"https:\/\/grupoinovar.cnt.br\/servicos-online\/wp-content\/uploads\/2024\/03\/logo.png\",\"width\":663,\"height\":223,\"caption\":\"Grupo Inovar\"},\"image\":{\"@id\":\"https:\/\/grupoinovar.cnt.br\/servicos-online\/#\/schema\/logo\/image\/\"}}]}<\/script>\n<!-- \/ Yoast SEO plugin. -->","yoast_head_json":{"title":"e-CNPJ A3 - Com Token - Grupo Inovar","robots":{"index":"index","follow":"follow","max-snippet":"max-snippet:-1","max-image-preview":"max-image-preview:large","max-video-preview":"max-video-preview:-1"},"canonical":"https:\/\/grupoinovar.cnt.br\/servicos-online\/produto\/e-cnpj-a3-com-token\/","og_locale":"pt_BR","og_type":"article","og_title":"e-CNPJ A3 - Com Token - Grupo Inovar","og_description":"O certificado digital e-CNPJ A3 em token \u00e9 uma solu\u00e7\u00e3o para identificar uma empresa atrav\u00e9s de seu representante legal perante a Receita Federal. Ele pode ser utilizado em qualquer m\u00e1quina, basta inserir o token na entrada USB. Assine documentos, realize declara\u00e7\u00f5es, acesse o portal e-CAC e muito mais.","og_url":"https:\/\/grupoinovar.cnt.br\/servicos-online\/produto\/e-cnpj-a3-com-token\/","og_site_name":"Grupo Inovar","article_modified_time":"2024-03-21T16:26:50+00:00","og_image":[{"width":1024,"height":1024,"url":"https:\/\/grupoinovar.cnt.br\/servicos-online\/wp-content\/uploads\/2024\/03\/ECNPJ-A3-COM-TOKEN.jpg","type":"image\/jpeg"}],"twitter_card":"summary_large_image","twitter_misc":{"Est. tempo de leitura":"1 minuto"},"schema":{"@context":"https:\/\/schema.org","@graph":[{"@type":"WebPage","@id":"https:\/\/grupoinovar.cnt.br\/servicos-online\/produto\/e-cnpj-a3-com-token\/","url":"https:\/\/grupoinovar.cnt.br\/servicos-online\/produto\/e-cnpj-a3-com-token\/","name":"e-CNPJ A3 - Com Token - Grupo Inovar","isPartOf":{"@id":"https:\/\/grupoinovar.cnt.br\/servicos-online\/#website"},"primaryImageOfPage":{"@id":"https:\/\/grupoinovar.cnt.br\/servicos-online\/produto\/e-cnpj-a3-com-token\/#primaryimage"},"image":{"@id":"https:\/\/grupoinovar.cnt.br\/servicos-online\/produto\/e-cnpj-a3-com-token\/#primaryimage"},"thumbnailUrl":"https:\/\/grupoinovar.cnt.br\/servicos-online\/wp-content\/uploads\/2024\/03\/ECNPJ-A3-COM-TOKEN.jpg","datePublished":"2024-03-14T13:30:34+00:00","dateModified":"2024-03-21T16:26:50+00:00","breadcrumb":{"@id":"https:\/\/grupoinovar.cnt.br\/servicos-online\/produto\/e-cnpj-a3-com-token\/#breadcrumb"},"inLanguage":"pt-BR","potentialAction":[{"@type":"ReadAction","target":["https:\/\/grupoinovar.cnt.br\/servicos-online\/produto\/e-cnpj-a3-com-token\/"]}]},{"@type":"ImageObject","inLanguage":"pt-BR","@id":"https:\/\/grupoinovar.cnt.br\/servicos-online\/produto\/e-cnpj-a3-com-token\/#primaryimage","url":"https:\/\/grupoinovar.cnt.br\/servicos-online\/wp-content\/uploads\/2024\/03\/ECNPJ-A3-COM-TOKEN.jpg","contentUrl":"https:\/\/grupoinovar.cnt.br\/servicos-online\/wp-content\/uploads\/2024\/03\/ECNPJ-A3-COM-TOKEN.jpg","width":1024,"height":1024},{"@type":"BreadcrumbList","@id":"https:\/\/grupoinovar.cnt.br\/servicos-online\/produto\/e-cnpj-a3-com-token\/#breadcrumb","itemListElement":[{"@type":"ListItem","position":1,"name":"In\u00edcio","item":"https:\/\/grupoinovar.cnt.br\/servicos-online\/"},{"@type":"ListItem","position":2,"name":"Servi\u00e7os Online","item":"https:\/\/grupoinovar.cnt.br\/servicos-online\/"},{"@type":"ListItem","position":3,"name":"e-CNPJ A3 &#8211; Com Token"}]},{"@type":"WebSite","@id":"https:\/\/grupoinovar.cnt.br\/servicos-online\/#website","url":"https:\/\/grupoinovar.cnt.br\/servicos-online\/","name":"Grupo Inovar","description":"","publisher":{"@id":"https:\/\/grupoinovar.cnt.br\/servicos-online\/#organization"},"potentialAction":[{"@type":"SearchAction","target":{"@type":"EntryPoint","urlTemplate":"https:\/\/grupoinovar.cnt.br\/servicos-online\/?s={search_term_string}"},"query-input":"required name=search_term_string"}],"inLanguage":"pt-BR"},{"@type":"Organization","@id":"https:\/\/grupoinovar.cnt.br\/servicos-online\/#organization","name":"Grupo Inovar","url":"https:\/\/grupoinovar.cnt.br\/servicos-online\/","logo":{"@type":"ImageObject","inLanguage":"pt-BR","@id":"https:\/\/grupoinovar.cnt.br\/servicos-online\/#\/schema\/logo\/image\/","url":"https:\/\/grupoinovar.cnt.br\/servicos-online\/wp-content\/uploads\/2024\/03\/logo.png","contentUrl":"https:\/\/grupoinovar.cnt.br\/servicos-online\/wp-content\/uploads\/2024\/03\/logo.png","width":663,"height":223,"caption":"Grupo Inovar"},"image":{"@id":"https:\/\/grupoinovar.cnt.br\/servicos-online\/#\/schema\/logo\/image\/"}}]}},"_links":{"self":[{"href":"https:\/\/grupoinovar.cnt.br\/servicos-online\/wp-json\/wp\/v2\/product\/174","targetHints":{"allow":["GET"]}}],"collection":[{"href":"https:\/\/grupoinovar.cnt.br\/servicos-online\/wp-json\/wp\/v2\/product"}],"about":[{"href":"https:\/\/grupoinovar.cnt.br\/servicos-online\/wp-json\/wp\/v2\/types\/product"}],"wp:featuredmedia":[{"embeddable":true,"href":"https:\/\/grupoinovar.cnt.br\/servicos-online\/wp-json\/wp\/v2\/media\/168"}],"wp:attachment":[{"href":"https:\/\/grupoinovar.cnt.br\/servicos-online\/wp-json\/wp\/v2\/media?parent=174"}],"wp:term":[{"taxonomy":"product_cat","embeddable":true,"href":"https:\/\/grupoinovar.cnt.br\/servicos-online\/wp-json\/wp\/v2\/product_cat?post=174"},{"taxonomy":"product_tag","embeddable":true,"href":"https:\/\/grupoinovar.cnt.br\/servicos-online\/wp-json\/wp\/v2\/product_tag?post=174"}],"curies":[{"name":"wp","href":"https:\/\/api.w.org\/{rel}","templated":true}]}}